{"id":3,"date":"2024-10-11T16:07:11","date_gmt":"2024-10-11T16:07:11","guid":{"rendered":"https:\/\/4future.eurovia.net\/?page_id=3"},"modified":"2025-05-07T09:54:13","modified_gmt":"2025-05-07T07:54:13","slug":"privacy-policy","status":"publish","type":"page","link":"https:\/\/4future.es\/en\/privacy-policy\/","title":{"rendered":"Privacy Policy"},"content":{"rendered":"<h2 class=\"wp-block-heading\">RESPONSIBLE FOR THE TREATMENT<\/h2>\n\n\n\n<p class=\"translation-block\"><strong>Identity: REPRESENTACI\u00d3N Y GESTI\u00d3N 4FUTURE, SL<\/strong> (hereinafter <strong>4FUTURE<\/strong>)<\/p>\n\n\n\n<figure class=\"wp-block-table\"><table class=\"has-fixed-layout\"><tbody><tr><td><strong>Company name:<\/strong><\/td><td><strong><strong>Representacion y Gesti\u00f3n 4Future S.L.<\/strong><\/strong><\/td><\/tr><tr><td><strong>Registered office:<\/strong><\/td><td>Calle Valencia 579, 4-3<\/td><\/tr><tr><td><strong>NIF:<\/strong><\/td><td>B66976705<\/td><\/tr><tr><td><strong>Email:<\/strong><\/td><td><a href=\"mailto:pedro.marhuenda@4future.es\"><a href=\"mailto:pedro.marhuenda@4future.es\" target=\"_blank\" rel=\"noreferrer noopener\">pedro.marhuenda@4future.es<\/a><\/a><\/td><\/tr><\/tbody><\/table><\/figure>\n\n\n\n<p class=\"translation-block\"><strong><strong>4FUTURE<\/strong><\/strong>, as responsible for the website <strong>\u00a04FUTURE.ES<\/strong>, in accordance with Regulation (EU) 2016\/679 of April 27, 2016 (RGPD) regarding the protection of natural persons with regard to the processing of personal data, and by Law 34\/2002, of July 11, on information society services and electronic commerce (LSSICE), informs you that it has implemented the necessary security measures, of a technical and organizational nature, to guarantee and protect the confidentiality, integrity and availability of the data entered.<\/p>\n\n\n\n<h2 class=\"wp-block-heading\">PURPOSE OF TREATMENT<\/h2>\n\n\n\n<p>Your personal data will only be used for the following purposes:<\/p>\n\n\n\n<ul class=\"wp-block-list\">\n<li>Carry out the necessary commercial and administrative procedures with website users.<\/li>\n\n\n\n<li>Send commercial advertising communications by email, fax, SMS, MMS, social communications or any other electronic or physical means, in the event that the user has expressly consented to the sending of commercial communications electronically by subscribing to the electronic newsletter.<\/li>\n\n\n\n<li>Respond to queries and\/or provide information requested by the user.<\/li>\n\n\n\n<li>Carry out the provision of services and\/or products contracted or subscribed by the user.<\/li>\n\n\n\n<li>Use your data to contact you, both electronically and non-electronically, to obtain your opinion on the service provided.<\/li>\n\n\n\n<li>Use your data to hold draws and contests. The user expressly accepts that his or her data will be used to hold raffles and contests.<\/li>\n\n\n\n<li>Notify you of changes, important developments to the privacy policy, legal notice or cookie policy.<\/li>\n\n\n\n<li>Profile and usage analyzes will be carried out based on the user's purchase and browsing history.<\/li>\n\n\n\n<li>The data of clients and\/or suppliers will be processed, within the contractual relationship that links them with the person responsible, in compliance with the administrative, tax, accounting and labor obligations that are necessary under current legislation.<\/li>\n<\/ul>\n\n\n\n<p>You can revoke your consent at any time by sending a letter with the subject \u201cUnsubscribe\u201d to the email address <a href=\"mailto:pedro.marhuenda@4future.es\"><\/a><a href=\"mailto:pedro.marhuenda@4future.es\"><\/a><a href=\"mailto:pedro.marhuenda@4future.es\" target=\"_blank\" rel=\"noreferrer noopener\">pedro.marhuenda@4future.es<\/a>.<\/p>\n\n\n\n<p class=\"translation-block\">According to the LSSICE, <strong>4FUTURE<\/strong> does not carry out SPAM practices; Therefore, it does not send commercial emails by email that have not been previously requested or authorized by the user. Consequently, in all communications that you will receive from <strong>4FUTURE<\/strong> the user has the possibility of canceling their express consent to receive our communications.<\/p>\n\n\n\n<p>We will not process your personal data for any purpose other than those described except for legal obligation or judicial requirement.<\/p>\n\n\n\n<p>Your data will be kept for as long as the commercial relationship with us lasts or you exercise your right of cancellation or opposition, or limitation of processing. However, we will retain certain personal identification and traffic data for a maximum period of 2 years in case it is required by Judges and Courts or to initiate internal actions derived from improper use of the website.<\/p>\n\n\n\n<p>You will not be subject to decisions based on authorized automated treatments that produce effects on your data.<\/p>\n\n\n\n<h2 class=\"wp-block-heading\">LEGITIMATION OF THE TREATMENT<\/h2>\n\n\n\n<p>The legal basis for the processing of data is your consent to carry out the purposes described above, which will be requested by checking the corresponding box at the time of collecting your data.<\/p>\n\n\n\n<p>Failure to provide the requested personal data or failure to accept this data protection policy means the impossibility of subscribing, registering or receiving information about the provider's products and services.<\/p>\n\n\n\n<p>In cases where there is a prior contractual relationship between the parties, the legitimation for the development of the administrative, fiscal, accounting and labor obligations that are necessary under current legislation will be the prior existence of the commercial relationship established between the parties.<\/p>\n\n\n\n<h2 class=\"wp-block-heading\">COMMUNICATIONS&nbsp;<\/h2>\n\n\n\n<p class=\"translation-block\">Any communication sent will be incorporated into <strong><strong>4FUTURE<\/strong><\/strong>'s information systems. By accepting these conditions, terms and policies, the user expressly consents to <strong>4FUTURE<\/strong> carrying out the following activities and\/or actions, unless the user indicates otherwise:<\/p>\n\n\n\n<ul class=\"wp-block-list\">\n<li>Sending commercial and\/or promotional communications by any means enabled to inform users of activities, services, promotions, advertising, news, offers and other information about the services and products related to the activity. The user expressly accepts that profile and usage analyzes are carried out based on the user's purchase and\/or browsing history.<\/li>\n\n\n\n<li class=\"translation-block\">In the event that the user has expressly consented to the sending of commercial communications electronically by subscribing to the electronic newsletter, the sending of these communications by electronic means to inform its users of the activities, services, promotions, advertising, news, offers and other information about the services and products of <strong><strong>4FUTURE<\/strong><\/strong>, will be the same or similar to those that were initially the subject of contracting or of interest to the user.<\/li>\n\n\n\n<li>The conservation of data during the periods provided for in the applicable provisions.<\/li>\n<\/ul>\n\n\n\n<h2 class=\"wp-block-heading\">OFFICIAL MEDIA OF COMMUNICATION<\/h2>\n\n\n\n<p class=\"translation-block\">The user is informed that the means enabled by <strong>4FUTURE<\/strong> to communicate with clients and others affected are the corporate telephone, company mobile phones and corporate email.<\/p>\n\n\n\n<p class=\"translation-block\">If you send personal information through a means of communication other than those indicated in this section, <strong>4FUTURE<\/strong> will be exempt from liability in relation to the security measures provided by the medium in question.<\/p>\n\n\n\n<h2 class=\"wp-block-heading\">RECIPIENTS OF ASSIGNMENTS OR TRANSFERS<\/h2>\n\n\n\n<p class=\"translation-block\"><strong>4FUTURE<\/strong> does not carry out any transfer or communication of data either inside or outside the EU. The provider will only provide information to the security forces and bodies under a court order or due to the obligation of a legal norm, without prejudice to being able to block or cancel your account if there may be indications of the commission of a crime by the user. The information provided will only be what the provider has at that time.<\/p>\n\n\n\n<p class=\"translation-block\">The information that you provide to us both through this website and through the application will be hosted on <strong><strong>4FUTURE<\/strong><\/strong>'s servers.<\/p>\n\n\n\n<h2 class=\"wp-block-heading\">RIGHTS OF INTERESTED PERSONS<\/h2>\n\n\n\n<p class=\"translation-block\">As an interested user, you can request the application of the following rights before <strong>4FUTURE<\/strong> by submitting a letter to the postal address of the header or by sending an email to <a href=\"mailto:pedro.marhuenda@4future.es\" target=\"_self\"><\/a><a href=\"mailto:pedro.marhuenda@4future.es\" target=\"_self\"><\/a><a href=\"mailto:pedro.marhuenda@4future.es\" target=\"_blank\" rel=\"noreferrer noopener\">pedro.marhuenda@4future.es<\/a>, indicating as the subject \u201cRGPD, ARCO Rights\u201d, and attaching a photocopy of your ID or any legally analogous means, as indicated by law.<\/p>\n\n\n\n<p><strong>Rights:<\/strong><\/p>\n\n\n\n<ul class=\"wp-block-list\">\n<li class=\"translation-block\"><strong>Right of access:<\/strong> allows the interested party to know and obtain information about their personal data undergoing processing.<\/li>\n\n\n\n<li class=\"translation-block\"><strong>Right of rectification or deletion:<\/strong> allows you to correct errors and modify data that turns out to be inaccurate or incomplete.<\/li>\n\n\n\n<li class=\"translation-block\"><strong>Right of cancellation:<\/strong> allows data that turns out to be inadequate or excessive to be deleted.<\/li>\n\n\n\n<li class=\"translation-block\"><strong>Right of opposition:<\/strong> the right of the interested party not to have their personal data processed or deleted.<\/li>\n\n\n\n<li class=\"translation-block\"><strong>Limitation of processing:<\/strong> implies marking the personal data kept, in order to limit its future processing.<\/li>\n\n\n\n<li class=\"translation-block\"><strong>Data portability:<\/strong> provision of the data being processed to the interested party so that they can transmit them to another person responsible, without impediments.<\/li>\n\n\n\n<li class=\"translation-block\"><strong>Right not to be subject to automated individual decisions<\/strong> (including profiling): right not to be subject to a decision based on automated processing that produces effects or significantly affects.<\/li>\n<\/ul>\n\n\n\n<p>The user has the right to withdraw the consent given at any time. The withdrawal of consent will not affect the legality of the processing carried out before the withdrawal of consent.<\/p>\n\n\n\n<p>You also have the right to file a claim with the supervisory authority if you consider that your rights may have been violated in relation to the protection of your data (agpd.es).<\/p>\n\n\n\n<h2 class=\"wp-block-heading\">INFORMATION WE COLLECT<\/h2>\n\n\n\n<p>We obtain information through forms with the minimum and essential information. In these forms you will provide the following data: email, name, surname, address, zip code, city, country and mobile phone.<\/p>\n\n\n\n<h2 class=\"wp-block-heading\">SOCIAL NETWORKS<\/h2>\n\n\n\n<p class=\"translation-block\">We inform you that <strong>4FUTURE<\/strong> has a presence on social networks. The processing of data carried out on people who become followers on social networks (and\/or carry out any link or connection action through social networks) of the official pages of <strong>4FUTURE<\/strong> will be governed by this section, as well as by those conditions of use, privacy policies and access regulations that belong to the social network in each case and that have been previously accepted by the user.<\/p>\n\n\n\n<p class=\"translation-block\"><strong>4FUTURE<\/strong> will process your data in order to correctly manage your presence on social networks, informing you of the provider's activities, products or services, as well as for any other purpose that social network regulations allow.<\/p>\n\n\n\n<p>The publication of content is prohibited:<\/p>\n\n\n\n<ul class=\"wp-block-list\">\n<li>That are allegedly illicit by national, community or international regulations or that carry out activities that are allegedly illicit or contravene the principles of good faith.<\/li>\n\n\n\n<li class=\"translation-block\">That violate the fundamental rights of people, lack courtesy on the network, annoy or may generate negative opinions to our users or third parties and, in general, any of the content that <strong>4FUTURE<\/strong> considers inappropriate.<\/li>\n\n\n\n<li>And in general that contravene the principles of legality, honesty, responsibility, protection of human dignity, protection of minors, protection of public order, protection of private life, consumer protection and intellectual and industrial property rights.<\/li>\n<\/ul>\n\n\n\n<p class=\"translation-block\">Likewise, <strong>4FUTURE<\/strong> reserves the right to remove, without prior notice from the website or the corporate social network, any content that is considered inappropriate.<\/p>\n\n\n\n<p class=\"translation-block\">Communications sent through social networks will be incorporated into a file owned by <strong><strong>4FUTURE<\/strong><\/strong>, which will send you information of interest.<\/p>\n\n\n\n<p>You can access more information in this privacy policy.<\/p>\n\n\n\n<p class=\"translation-block\">In any case, if you send personal information through social networks, <strong>4FUTURE<\/strong> will be exempt from any responsibility in relation to the security measures applicable to the platform in question, and, if the user wants to know them, they must consult the corresponding particular conditions of the network in question.<\/p>\n\n\n\n<h2 class=\"wp-block-heading\">SECURITY MEASURES<\/h2>\n\n\n\n<p>The data you provide us will be treated confidentially. The provider has adopted all the technical and organizational measures and all levels of protection necessary to guarantee security in the processing of data and prevent its alteration, loss, theft, unauthorized processing or access, in accordance with the state of technology and the nature of the stored data. Likewise, it is also guaranteed that the treatment and registration in files, programs, systems or local equipment and in centers comply with the integrity requirements and conditions established in current regulations.<\/p>\n\n\n\n<h2 class=\"wp-block-heading\">CHANGES TO THE CURRENT PRIVACY POLICY<\/h2>\n\n\n\n<p class=\"translation-block\"><strong>4FUTURE<\/strong> reserves the right to modify this policy to adapt it to new legislation or jurisprudence.<\/p>\n\n\n\n<h2 class=\"wp-block-heading\">LEGISLATION<\/h2>\n\n\n\n<p class=\"translation-block\">For all purposes, the relations of <strong>4FUTURE<\/strong> with the users of the telematic services of this website are subject to Spanish legislation and jurisdiction to which the parties expressly submit, and the Courts and Tribunals of Barcelona will be competent to resolve all conflicts arising from or related to its use.<\/p>","protected":false},"excerpt":{"rendered":"<p>RESPONSABLE DEL TRATAMIENTO Identidad: REPRESENTACI\u00d3N Y GESTI\u00d3N 4FUTURE, SL (en adelante 4FUTURE) Denominaci\u00f3n social: Representacion y Gesti\u00f3n 4Future S.L. Domicilio social: Calle Valencia 579, 4-3 NIF: B66976705 Correo electr\u00f3nico: pedro.marhuenda@4future.es 4FUTURE, como responsable del sitio web &nbsp;4FUTURE.ES, de conformidad con el Reglamento (UE) 2016\/679 de 27 de abril de 2016 (RGPD) relativo a la protecci\u00f3n &#8230; <a title=\"Privacy Policy\" class=\"read-more\" href=\"https:\/\/4future.es\/en\/privacy-policy\/\" aria-label=\"Read more about Pol\u00edtica de privacidad\">Read more<\/a><\/p>","protected":false},"author":1,"featured_media":0,"parent":0,"menu_order":0,"comment_status":"closed","ping_status":"closed","template":"","meta":{"_acf_changed":false,"inline_featured_image":false,"footnotes":""},"class_list":["post-3","page","type-page","status-publish"],"acf":[],"yoast_head":"<!-- This site is optimized with the Yoast SEO plugin v27.4 - https:\/\/yoast.com\/product\/yoast-seo-wordpress\/ -->\n<title>Pol\u00edtica de privacidad | 4FUTURE<\/title>\n<meta name=\"robots\" content=\"index, follow, max-snippet:-1, max-image-preview:large, max-video-preview:-1\" \/>\n<link rel=\"canonical\" href=\"https:\/\/4future.es\/en\/privacy-policy\/\" \/>\n<meta property=\"og:locale\" content=\"en_GB\" \/>\n<meta property=\"og:type\" content=\"article\" \/>\n<meta property=\"og:title\" content=\"Pol\u00edtica de privacidad | 4FUTURE\" \/>\n<meta property=\"og:description\" content=\"RESPONSABLE DEL TRATAMIENTO Identidad: REPRESENTACI\u00d3N Y GESTI\u00d3N 4FUTURE, SL (en adelante 4FUTURE) Denominaci\u00f3n social: Representacion y Gesti\u00f3n 4Future S.L. Domicilio social: Calle Valencia 579, 4-3 NIF: B66976705 Correo electr\u00f3nico: pedro.marhuenda@4future.es 4FUTURE, como responsable del sitio web &nbsp;4FUTURE.ES, de conformidad con el Reglamento (UE) 2016\/679 de 27 de abril de 2016 (RGPD) relativo a la protecci\u00f3n ... Read more\" \/>\n<meta property=\"og:url\" content=\"https:\/\/4future.es\/en\/privacy-policy\/\" \/>\n<meta property=\"og:site_name\" content=\"4FUTURE\" \/>\n<meta property=\"article:modified_time\" content=\"2025-05-07T07:54:13+00:00\" \/>\n<meta name=\"twitter:card\" content=\"summary_large_image\" \/>\n<meta name=\"twitter:label1\" content=\"Estimated reading time\" \/>\n\t<meta name=\"twitter:data1\" content=\"9 minutes\" \/>\n<script type=\"application\/ld+json\" class=\"yoast-schema-graph\">{\"@context\":\"https:\\\/\\\/schema.org\",\"@graph\":[{\"@type\":\"WebPage\",\"@id\":\"https:\\\/\\\/4future.es\\\/privacy-policy\\\/\",\"url\":\"https:\\\/\\\/4future.es\\\/privacy-policy\\\/\",\"name\":\"Pol\u00edtica de privacidad | 4FUTURE\",\"isPartOf\":{\"@id\":\"https:\\\/\\\/4future.es\\\/#website\"},\"datePublished\":\"2024-10-11T16:07:11+00:00\",\"dateModified\":\"2025-05-07T07:54:13+00:00\",\"breadcrumb\":{\"@id\":\"https:\\\/\\\/4future.es\\\/privacy-policy\\\/#breadcrumb\"},\"inLanguage\":\"en-GB\",\"potentialAction\":[{\"@type\":\"ReadAction\",\"target\":[\"https:\\\/\\\/4future.es\\\/privacy-policy\\\/\"]}]},{\"@type\":\"BreadcrumbList\",\"@id\":\"https:\\\/\\\/4future.es\\\/privacy-policy\\\/#breadcrumb\",\"itemListElement\":[{\"@type\":\"ListItem\",\"position\":1,\"name\":\"Portada\",\"item\":\"https:\\\/\\\/4future.es\\\/\"},{\"@type\":\"ListItem\",\"position\":2,\"name\":\"Pol\u00edtica de privacidad\"}]},{\"@type\":\"WebSite\",\"@id\":\"https:\\\/\\\/4future.es\\\/#website\",\"url\":\"https:\\\/\\\/4future.es\\\/\",\"name\":\"4FUTURE\",\"description\":\"Representaci\u00f3n de jugadores de Baloncesto\",\"publisher\":{\"@id\":\"https:\\\/\\\/4future.es\\\/#organization\"},\"potentialAction\":[{\"@type\":\"SearchAction\",\"target\":{\"@type\":\"EntryPoint\",\"urlTemplate\":\"https:\\\/\\\/4future.es\\\/?s={search_term_string}\"},\"query-input\":{\"@type\":\"PropertyValueSpecification\",\"valueRequired\":true,\"valueName\":\"search_term_string\"}}],\"inLanguage\":\"en-GB\"},{\"@type\":\"Organization\",\"@id\":\"https:\\\/\\\/4future.es\\\/#organization\",\"name\":\"4FUTURE\",\"url\":\"https:\\\/\\\/4future.es\\\/\",\"logo\":{\"@type\":\"ImageObject\",\"inLanguage\":\"en-GB\",\"@id\":\"https:\\\/\\\/4future.es\\\/#\\\/schema\\\/logo\\\/image\\\/\",\"url\":\"https:\\\/\\\/4future.es\\\/wp-content\\\/uploads\\\/2025\\\/03\\\/Logo-For-Future-01.svg\",\"contentUrl\":\"https:\\\/\\\/4future.es\\\/wp-content\\\/uploads\\\/2025\\\/03\\\/Logo-For-Future-01.svg\",\"caption\":\"4FUTURE\"},\"image\":{\"@id\":\"https:\\\/\\\/4future.es\\\/#\\\/schema\\\/logo\\\/image\\\/\"}}]}<\/script>\n<!-- \/ Yoast SEO plugin. -->","yoast_head_json":{"title":"Pol\u00edtica de privacidad | 4FUTURE","robots":{"index":"index","follow":"follow","max-snippet":"max-snippet:-1","max-image-preview":"max-image-preview:large","max-video-preview":"max-video-preview:-1"},"canonical":"https:\/\/4future.es\/en\/privacy-policy\/","og_locale":"en_GB","og_type":"article","og_title":"Pol\u00edtica de privacidad | 4FUTURE","og_description":"RESPONSABLE DEL TRATAMIENTO Identidad: REPRESENTACI\u00d3N Y GESTI\u00d3N 4FUTURE, SL (en adelante 4FUTURE) Denominaci\u00f3n social: Representacion y Gesti\u00f3n 4Future S.L. Domicilio social: Calle Valencia 579, 4-3 NIF: B66976705 Correo electr\u00f3nico: pedro.marhuenda@4future.es 4FUTURE, como responsable del sitio web &nbsp;4FUTURE.ES, de conformidad con el Reglamento (UE) 2016\/679 de 27 de abril de 2016 (RGPD) relativo a la protecci\u00f3n ... Read more","og_url":"https:\/\/4future.es\/en\/privacy-policy\/","og_site_name":"4FUTURE","article_modified_time":"2025-05-07T07:54:13+00:00","twitter_card":"summary_large_image","twitter_misc":{"Estimated reading time":"9 minutes"},"schema":{"@context":"https:\/\/schema.org","@graph":[{"@type":"WebPage","@id":"https:\/\/4future.es\/privacy-policy\/","url":"https:\/\/4future.es\/privacy-policy\/","name":"Pol\u00edtica de privacidad | 4FUTURE","isPartOf":{"@id":"https:\/\/4future.es\/#website"},"datePublished":"2024-10-11T16:07:11+00:00","dateModified":"2025-05-07T07:54:13+00:00","breadcrumb":{"@id":"https:\/\/4future.es\/privacy-policy\/#breadcrumb"},"inLanguage":"en-GB","potentialAction":[{"@type":"ReadAction","target":["https:\/\/4future.es\/privacy-policy\/"]}]},{"@type":"BreadcrumbList","@id":"https:\/\/4future.es\/privacy-policy\/#breadcrumb","itemListElement":[{"@type":"ListItem","position":1,"name":"Portada","item":"https:\/\/4future.es\/"},{"@type":"ListItem","position":2,"name":"Pol\u00edtica de privacidad"}]},{"@type":"WebSite","@id":"https:\/\/4future.es\/#website","url":"https:\/\/4future.es\/","name":"4FUTURE","description":"Representaci\u00f3n de jugadores de Baloncesto","publisher":{"@id":"https:\/\/4future.es\/#organization"},"potentialAction":[{"@type":"SearchAction","target":{"@type":"EntryPoint","urlTemplate":"https:\/\/4future.es\/?s={search_term_string}"},"query-input":{"@type":"PropertyValueSpecification","valueRequired":true,"valueName":"search_term_string"}}],"inLanguage":"en-GB"},{"@type":"Organization","@id":"https:\/\/4future.es\/#organization","name":"4FUTURE","url":"https:\/\/4future.es\/","logo":{"@type":"ImageObject","inLanguage":"en-GB","@id":"https:\/\/4future.es\/#\/schema\/logo\/image\/","url":"https:\/\/4future.es\/wp-content\/uploads\/2025\/03\/Logo-For-Future-01.svg","contentUrl":"https:\/\/4future.es\/wp-content\/uploads\/2025\/03\/Logo-For-Future-01.svg","caption":"4FUTURE"},"image":{"@id":"https:\/\/4future.es\/#\/schema\/logo\/image\/"}}]}},"_links":{"self":[{"href":"https:\/\/4future.es\/en\/wp-json\/wp\/v2\/pages\/3","targetHints":{"allow":["GET"]}}],"collection":[{"href":"https:\/\/4future.es\/en\/wp-json\/wp\/v2\/pages"}],"about":[{"href":"https:\/\/4future.es\/en\/wp-json\/wp\/v2\/types\/page"}],"author":[{"embeddable":true,"href":"https:\/\/4future.es\/en\/wp-json\/wp\/v2\/users\/1"}],"replies":[{"embeddable":true,"href":"https:\/\/4future.es\/en\/wp-json\/wp\/v2\/comments?post=3"}],"version-history":[{"count":2,"href":"https:\/\/4future.es\/en\/wp-json\/wp\/v2\/pages\/3\/revisions"}],"predecessor-version":[{"id":1345,"href":"https:\/\/4future.es\/en\/wp-json\/wp\/v2\/pages\/3\/revisions\/1345"}],"wp:attachment":[{"href":"https:\/\/4future.es\/en\/wp-json\/wp\/v2\/media?parent=3"}],"curies":[{"name":"wp","href":"https:\/\/api.w.org\/{rel}","templated":true}]}}